{"id":1164,"date":"2016-07-25T10:37:57","date_gmt":"2016-07-25T10:37:57","guid":{"rendered":"https:\/\/www.zlatne-gorice.eu\/new\/?page_id=1164"},"modified":"2023-03-14T08:21:15","modified_gmt":"2023-03-14T07:21:15","slug":"home","status":"publish","type":"page","link":"https:\/\/www.zlatne-gorice.eu\/en\/","title":{"rendered":"Home"},"content":{"rendered":"\n<p><section id=\"our-menu-preview\" class=\"section-block\">\r\n\t<div class=\"section-title v1\">\r\n\t\t\t<p class=\"subtitle\">We recommend<\/p>\r\n\t\t<h3> From our menu<\/h3>\t\t\r\n<\/div>\t\r\n\t\t\t<ul class=\"dishes-menu cols-2 large-imgs drop-style \">\r\n\t\t\t<li class=\"item post-1298 dishes_menu type-dishes_menu status-publish has-post-thumbnail hentry dishes_categories-glavna-jela\">\r\n\t\t\t\r\n\t\t<div class=\"thumbnail\">\r\n\t\t\t<span class=\"zoom-img\" style=\"transform: rotate(-1deg)\">\r\n\t\t\t\t<img loading=\"lazy\" decoding=\"async\" width=\"370\" height=\"247\" src=\"https:\/\/www.zlatne-gorice.eu\/wp-content\/uploads\/2016\/07\/gusja-jetra-s-marelicama-370x247.jpg\" class=\"attachment-thumbnail size-thumbnail wp-post-image\" alt=\"\" srcset=\"https:\/\/www.zlatne-gorice.eu\/wp-content\/uploads\/2016\/07\/gusja-jetra-s-marelicama-370x247.jpg 370w, https:\/\/www.zlatne-gorice.eu\/wp-content\/uploads\/2016\/07\/gusja-jetra-s-marelicama-675x449.jpg 675w, https:\/\/www.zlatne-gorice.eu\/wp-content\/uploads\/2016\/07\/gusja-jetra-s-marelicama-768x511.jpg 768w, https:\/\/www.zlatne-gorice.eu\/wp-content\/uploads\/2016\/07\/gusja-jetra-s-marelicama-830x552.jpg 830w, https:\/\/www.zlatne-gorice.eu\/wp-content\/uploads\/2016\/07\/gusja-jetra-s-marelicama-420x280.jpg 420w, https:\/\/www.zlatne-gorice.eu\/wp-content\/uploads\/2016\/07\/gusja-jetra-s-marelicama.jpg 900w\" sizes=\"auto, (max-width: 370px) 100vw, 370px\" \/>\t\t\t<\/span>\r\n\t\t\t<img loading=\"lazy\" decoding=\"async\" width=\"105\" height=\"105\" src=\"https:\/\/www.zlatne-gorice.eu\/wp-content\/uploads\/2016\/07\/gusja-jetra-s-marelicama-105x105.jpg\" class=\"attachment-cristiano_small_image size-cristiano_small_image wp-post-image\" alt=\"\" srcset=\"https:\/\/www.zlatne-gorice.eu\/wp-content\/uploads\/2016\/07\/gusja-jetra-s-marelicama-105x105.jpg 105w, https:\/\/www.zlatne-gorice.eu\/wp-content\/uploads\/2016\/07\/gusja-jetra-s-marelicama-100x100.jpg 100w\" sizes=\"auto, (max-width: 105px) 100vw, 105px\" \/>\t\t<\/div>\t\t\t\r\n\t\t<div class=\"description\">\r\n\t\t\t<span class=\"dm-price\"><\/span>\t\t\t\r\n\t\t\t<h2><span class=\"title\">Goose&#8217;s apricot liver<\/span><\/h2>\r\n\t\t<div class=\"dots\">\r\n\t\t\t\t\r\n\t\t\t\t\t\t\t\tgoose&#8217;s liver, linseed\u00a0oil, colorful pepper, salt, half the apricot, cognac\t\t<\/div>\r\n\t\t\t<\/div>\r\n<\/li><li class=\"item post-1301 dishes_menu type-dishes_menu status-publish has-post-thumbnail hentry dishes_categories-glavna-jela\">\r\n\t\t\t\r\n\t\t<div class=\"thumbnail\">\r\n\t\t\t<span class=\"zoom-img\" style=\"transform: rotate(1deg)\">\r\n\t\t\t\t<img loading=\"lazy\" decoding=\"async\" width=\"370\" height=\"247\" src=\"https:\/\/www.zlatne-gorice.eu\/wp-content\/uploads\/2016\/07\/beefstek-na-husarski-370x247.jpg\" class=\"attachment-thumbnail size-thumbnail wp-post-image\" alt=\"\" srcset=\"https:\/\/www.zlatne-gorice.eu\/wp-content\/uploads\/2016\/07\/beefstek-na-husarski-370x247.jpg 370w, https:\/\/www.zlatne-gorice.eu\/wp-content\/uploads\/2016\/07\/beefstek-na-husarski-675x449.jpg 675w, https:\/\/www.zlatne-gorice.eu\/wp-content\/uploads\/2016\/07\/beefstek-na-husarski-768x511.jpg 768w, https:\/\/www.zlatne-gorice.eu\/wp-content\/uploads\/2016\/07\/beefstek-na-husarski-830x552.jpg 830w, https:\/\/www.zlatne-gorice.eu\/wp-content\/uploads\/2016\/07\/beefstek-na-husarski-420x280.jpg 420w, https:\/\/www.zlatne-gorice.eu\/wp-content\/uploads\/2016\/07\/beefstek-na-husarski.jpg 1000w\" sizes=\"auto, (max-width: 370px) 100vw, 370px\" \/>\t\t\t<\/span>\r\n\t\t\t<img loading=\"lazy\" decoding=\"async\" width=\"105\" height=\"105\" src=\"https:\/\/www.zlatne-gorice.eu\/wp-content\/uploads\/2016\/07\/beefstek-na-husarski-105x105.jpg\" class=\"attachment-cristiano_small_image size-cristiano_small_image wp-post-image\" alt=\"\" srcset=\"https:\/\/www.zlatne-gorice.eu\/wp-content\/uploads\/2016\/07\/beefstek-na-husarski-105x105.jpg 105w, https:\/\/www.zlatne-gorice.eu\/wp-content\/uploads\/2016\/07\/beefstek-na-husarski-100x100.jpg 100w\" sizes=\"auto, (max-width: 105px) 100vw, 105px\" \/>\t\t<\/div>\t\t\t\r\n\t\t<div class=\"description\">\r\n\t\t\t<span class=\"dm-price\"><\/span>\t\t\t\r\n\t\t\t<h2><span class=\"title\">Husar&#8217;s beefstek  (rec. since 1879)<\/span><\/h2>\r\n\t\t<div class=\"dots\">\r\n\t\t\t\t\r\n\t\t\t\t\t\t\t\t<div>\n<p>beefsteak, homemade bacon, sliced smoked ham, bread crumbs, onion, salt, red pepper<\/p>\n<\/div>\n\t\t<\/div>\r\n\t\t\t<\/div>\r\n<\/li><li class=\"item post-1304 dishes_menu type-dishes_menu status-publish has-post-thumbnail hentry dishes_categories-glavna-jela\">\r\n\t\t\t\r\n\t\t<div class=\"thumbnail\">\r\n\t\t\t<span class=\"zoom-img\" style=\"transform: rotate(-2deg)\">\r\n\t\t\t\t<img loading=\"lazy\" decoding=\"async\" width=\"370\" height=\"247\" src=\"https:\/\/www.zlatne-gorice.eu\/wp-content\/uploads\/2016\/07\/risotto-s-bundevom-370x247.jpg\" class=\"attachment-thumbnail size-thumbnail wp-post-image\" alt=\"\" srcset=\"https:\/\/www.zlatne-gorice.eu\/wp-content\/uploads\/2016\/07\/risotto-s-bundevom-370x247.jpg 370w, https:\/\/www.zlatne-gorice.eu\/wp-content\/uploads\/2016\/07\/risotto-s-bundevom-675x449.jpg 675w, https:\/\/www.zlatne-gorice.eu\/wp-content\/uploads\/2016\/07\/risotto-s-bundevom-768x511.jpg 768w, https:\/\/www.zlatne-gorice.eu\/wp-content\/uploads\/2016\/07\/risotto-s-bundevom-830x552.jpg 830w, https:\/\/www.zlatne-gorice.eu\/wp-content\/uploads\/2016\/07\/risotto-s-bundevom-420x280.jpg 420w, https:\/\/www.zlatne-gorice.eu\/wp-content\/uploads\/2016\/07\/risotto-s-bundevom.jpg 1000w\" sizes=\"auto, (max-width: 370px) 100vw, 370px\" \/>\t\t\t<\/span>\r\n\t\t\t<img loading=\"lazy\" decoding=\"async\" width=\"105\" height=\"105\" src=\"https:\/\/www.zlatne-gorice.eu\/wp-content\/uploads\/2016\/07\/risotto-s-bundevom-105x105.jpg\" class=\"attachment-cristiano_small_image size-cristiano_small_image wp-post-image\" alt=\"\" srcset=\"https:\/\/www.zlatne-gorice.eu\/wp-content\/uploads\/2016\/07\/risotto-s-bundevom-105x105.jpg 105w, https:\/\/www.zlatne-gorice.eu\/wp-content\/uploads\/2016\/07\/risotto-s-bundevom-100x100.jpg 100w\" sizes=\"auto, (max-width: 105px) 100vw, 105px\" \/>\t\t<\/div>\t\t\t\r\n\t\t<div class=\"description\">\r\n\t\t\t<span class=\"dm-price\"><\/span>\t\t\t\r\n\t\t\t<h2><span class=\"title\">Rice with pumpkin<\/span><\/h2>\r\n\t\t<div class=\"dots\">\r\n\t\t\t\t\r\n\t\t\t\t\t\t\t\t<div>\n<p>pumpkin cubes,\u00a0eco farming\u00a0garlic, sweet desert wine, herbs, salt, pepper, roast rice, butter<\/p>\n<\/div>\n\t\t<\/div>\r\n\t\t\t<\/div>\r\n<\/li><li class=\"item post-1307 dishes_menu type-dishes_menu status-publish has-post-thumbnail hentry dishes_categories-glavna-jela\">\r\n\t\t\t\r\n\t\t<div class=\"thumbnail\">\r\n\t\t\t<span class=\"zoom-img\" style=\"transform: rotate(1deg)\">\r\n\t\t\t\t<img loading=\"lazy\" decoding=\"async\" width=\"370\" height=\"247\" src=\"https:\/\/www.zlatne-gorice.eu\/wp-content\/uploads\/2016\/07\/pacja-prsa-u-naranci-370x247.jpg\" class=\"attachment-thumbnail size-thumbnail wp-post-image\" alt=\"\" srcset=\"https:\/\/www.zlatne-gorice.eu\/wp-content\/uploads\/2016\/07\/pacja-prsa-u-naranci-370x247.jpg 370w, https:\/\/www.zlatne-gorice.eu\/wp-content\/uploads\/2016\/07\/pacja-prsa-u-naranci-675x449.jpg 675w, https:\/\/www.zlatne-gorice.eu\/wp-content\/uploads\/2016\/07\/pacja-prsa-u-naranci-768x511.jpg 768w, https:\/\/www.zlatne-gorice.eu\/wp-content\/uploads\/2016\/07\/pacja-prsa-u-naranci-830x552.jpg 830w, https:\/\/www.zlatne-gorice.eu\/wp-content\/uploads\/2016\/07\/pacja-prsa-u-naranci-420x280.jpg 420w, https:\/\/www.zlatne-gorice.eu\/wp-content\/uploads\/2016\/07\/pacja-prsa-u-naranci.jpg 1000w\" sizes=\"auto, (max-width: 370px) 100vw, 370px\" \/>\t\t\t<\/span>\r\n\t\t\t<img loading=\"lazy\" decoding=\"async\" width=\"105\" height=\"105\" src=\"https:\/\/www.zlatne-gorice.eu\/wp-content\/uploads\/2016\/07\/pacja-prsa-u-naranci-105x105.jpg\" class=\"attachment-cristiano_small_image size-cristiano_small_image wp-post-image\" alt=\"\" srcset=\"https:\/\/www.zlatne-gorice.eu\/wp-content\/uploads\/2016\/07\/pacja-prsa-u-naranci-105x105.jpg 105w, https:\/\/www.zlatne-gorice.eu\/wp-content\/uploads\/2016\/07\/pacja-prsa-u-naranci-100x100.jpg 100w\" sizes=\"auto, (max-width: 105px) 100vw, 105px\" \/>\t\t<\/div>\t\t\t\r\n\t\t<div class=\"description\">\r\n\t\t\t<span class=\"dm-price\"><\/span>\t\t\t\r\n\t\t\t<h2><span class=\"title\">Duck&#8217;s chest in orange<\/span><\/h2>\r\n\t\t<div class=\"dots\">\r\n\t\t\t\t\r\n\t\t\t\t\t\t\t\t<div>\n<p>duck&#8217;s chest, butter, quality brandy, rosemary, bordeaux wine, orange cleaned from opaque, half of orange juice<\/p>\n<\/div>\n\t\t<\/div>\r\n\t\t\t<\/div>\r\n<\/li>\t\t<\/ul>\r\n\t\t<!-- Simple Shotcode -->\r\n\t\t\t\t\t<div class=\"align-center-margin\">\r\n\t\t\t\t<a href=\"\/meni\" class=\"btn btn-transparent btn-lg\" target=\"_self\">View Full Menu<\/a>\r\n\t\t\t<\/div>\r\n\t\t\t<!-- End Simple Shortcode -->\t\r\n\r\n\t<!-- WPBakery Shortcode -->\r\n\t\t<!-- End WPBakery Shortcode -->\r\n<\/section>\r\n<br>\t\t\t<section class=\"section-block has-bg alignfull promo-slider \">\n\t\t\t<div class=\" \">\n\t\t\t\t\t\t\t<div class=\"swiper-slide item dzsparallaxer auto-init height-is-based-on-content use-loading\">\r\n\t<div class=\"divimage dzsparallaxer--target\" style=\"background-image: url(https:\/\/www.zlatne-gorice.eu\/wp-content\/uploads\/2016\/08\/smjestaj-1920x1004.jpg)\"><\/div>\r\n\t\t\t<div class=\"details\">\r\n\t\t\t<h2>Accommodation<\/h2>\r\n\t\t\t<div class=\"content\">\r\n\t\t\t\t<p>Our rooms are equipped with TV, WiFi and bathrooms and they provide a special mood because of their natural and quiet environment without the traffic.<\/p>\n<div class=\"view-full-menu\"><a class=\"btn btn-transparent btn-lg\" href=\"\/en\/accommodation\/\">More<\/a><\/div>\n\t\t\t\t\t\t\t<\/div>\r\n\t\t<\/div>\r\n\t<\/div>\t\t\t\t\t\t<\/div>\n\t\t\t<script>\n\t\t\t\tjQuery('.promo-slider-carousel').owlCarousel({\n\t\t\t\t\tnav: true,\n\t\t\t\t\titems: 1,\n\t\t\t\t\tmargin: 0,\n\t\t\t\t\tautoHeight: true,\n\t\t\t\t\tautoplay: Boolean(  ),\n\t\t\t\t\trewind: Boolean(  ),\n\t\t\t\t\tautoplayHoverPause: Boolean(  ),\n\t\t\t\t}); \n\t\t\t<\/script>\n\t\t<\/section>\n\t\t\n\t<br>\t\r\n\t\t<section class=\"section-block short-info alignfull  \" >\r\n\t\t\t\t\t\t\t\t\t\t<h2>Reservations: 042 666 054<\/h2>\r\n\t\t\t\t\t<\/section>\r\n\t<br>\t\r\n\t\t\t<section id=\"latest-news\" class=\"latest-news has-bg alignfull\">\r\n\t\t\t<div class=\"section-title v1\">\r\n\t\t\t<p class=\"subtitle\">News and announcements<\/p>\r\n\t\t<h3> Interesting things<\/h3>\t\t\r\n<\/div>\t\t\t<div class=\"latest-news-carousel owl-carousel\">\t\r\n\t\t\t\t\t\t\t\t\t<div class=\"item dzsparallaxer auto-init height-is-based-on-content use-loading\">\r\n\t<div class=\"divimage dzsparallaxer--target\" style=\"background-image: url(https:\/\/www.zlatne-gorice.eu\/wp-content\/uploads\/2021\/10\/martinje.jpg)\"><\/div>\r\n\t<div class=\"wrap\">\r\n\t\t<div class=\"latest-news-inner alignwide\">\r\n\t\t\t<div>\r\n\t\t\t\t<img loading=\"lazy\" decoding=\"async\" width=\"675\" height=\"450\" src=\"https:\/\/www.zlatne-gorice.eu\/wp-content\/uploads\/2021\/10\/martinje-675x450.jpg\" class=\"attachment-medium size-medium wp-post-image\" alt=\"\" srcset=\"https:\/\/www.zlatne-gorice.eu\/wp-content\/uploads\/2021\/10\/martinje-675x450.jpg 675w, https:\/\/www.zlatne-gorice.eu\/wp-content\/uploads\/2021\/10\/martinje-830x554.jpg 830w, https:\/\/www.zlatne-gorice.eu\/wp-content\/uploads\/2021\/10\/martinje-370x247.jpg 370w, https:\/\/www.zlatne-gorice.eu\/wp-content\/uploads\/2021\/10\/martinje-768x512.jpg 768w, https:\/\/www.zlatne-gorice.eu\/wp-content\/uploads\/2021\/10\/martinje-1536x1024.jpg 1536w, https:\/\/www.zlatne-gorice.eu\/wp-content\/uploads\/2021\/10\/martinje.jpg 1600w\" sizes=\"auto, (max-width: 675px) 100vw, 675px\" \/>\t\t\t<\/div>\r\n\t\t\t<div>\r\n\t\t\t\t<time class=\"date pr-font\" datetime=\"2021-10-24\">24. October 2021.<\/time>\r\n\t\t\t\t<h2 class=\"font-title\"><a href=\"https:\/\/www.zlatne-gorice.eu\/en\/martinjski-menu-2021\/\">Sv Martin&#8217;s menu 2021.<\/a><\/h2>\t\r\n\t\t\t\t<p>Saturday, November 6, beginning at 6 p.m. Introductory speeches and greetings at the Wine Museum with tastings of young wines dry sausages, cheese and homemade bread *** Event in the&#8230;<\/p>\n\t\t\t\t<a class=\"btn btn-transparent\" href=\"https:\/\/www.zlatne-gorice.eu\/en\/martinjski-menu-2021\/\">Read More<\/a>\r\n\t\t\t<\/div>\r\n\t\t<\/div>\r\n\t<\/div>\r\n\t<span class=\"alpha-gradient\"><\/span>\r\n<\/div>\t\t\t\t\t\t\t\t\t<div class=\"item dzsparallaxer auto-init height-is-based-on-content use-loading\">\r\n\t<div class=\"divimage dzsparallaxer--target\" style=\"background-image: url(https:\/\/www.zlatne-gorice.eu\/wp-content\/uploads\/2021\/07\/rad-nedjeljom.jpg)\"><\/div>\r\n\t<div class=\"wrap\">\r\n\t\t<div class=\"latest-news-inner alignwide\">\r\n\t\t\t<div>\r\n\t\t\t\t<img loading=\"lazy\" decoding=\"async\" width=\"675\" height=\"450\" src=\"https:\/\/www.zlatne-gorice.eu\/wp-content\/uploads\/2021\/07\/rad-nedjeljom-675x450.jpg\" class=\"attachment-medium size-medium wp-post-image\" alt=\"\" srcset=\"https:\/\/www.zlatne-gorice.eu\/wp-content\/uploads\/2021\/07\/rad-nedjeljom-675x450.jpg 675w, https:\/\/www.zlatne-gorice.eu\/wp-content\/uploads\/2021\/07\/rad-nedjeljom-830x553.jpg 830w, https:\/\/www.zlatne-gorice.eu\/wp-content\/uploads\/2021\/07\/rad-nedjeljom-370x247.jpg 370w, https:\/\/www.zlatne-gorice.eu\/wp-content\/uploads\/2021\/07\/rad-nedjeljom-768x512.jpg 768w, https:\/\/www.zlatne-gorice.eu\/wp-content\/uploads\/2021\/07\/rad-nedjeljom-420x280.jpg 420w, https:\/\/www.zlatne-gorice.eu\/wp-content\/uploads\/2021\/07\/rad-nedjeljom.jpg 1275w\" sizes=\"auto, (max-width: 675px) 100vw, 675px\" \/>\t\t\t<\/div>\r\n\t\t\t<div>\r\n\t\t\t\t<time class=\"date pr-font\" datetime=\"2021-07-28\">28. July 2021.<\/time>\r\n\t\t\t\t<h2 class=\"font-title\"><a href=\"https:\/\/www.zlatne-gorice.eu\/en\/we-only-work-on-sundays\/\">We only work on Sundays<\/a><\/h2>\t\r\n\t\t\t\t<p>From 02.08. &#8211; 16.08.2021. we only work on Sundays. In solidarity with supermarket saleswomen&#8230; Reservations on +385 42 666-054 Welcome!<\/p>\n\t\t\t\t<a class=\"btn btn-transparent\" href=\"https:\/\/www.zlatne-gorice.eu\/en\/we-only-work-on-sundays\/\">Read More<\/a>\r\n\t\t\t<\/div>\r\n\t\t<\/div>\r\n\t<\/div>\r\n\t<span class=\"alpha-gradient\"><\/span>\r\n<\/div>\t\t\t\t\t\t\t<\/div>\t\r\n\t\t\t<script>\r\n\t\t\t\tjQuery('.latest-news-carousel').owlCarousel({\r\n\t\t\t\t\tnav: true,\r\n\t\t\t\t\titems: 1,\r\n\t\t\t\t\tmargin: 0,\r\n\t\t\t\t\tautoHeight: true,\r\n\t\t\t\t\tautoplay: Boolean(  ),\r\n\t\t\t\t\trewind: Boolean(  ),\r\n\t\t\t\t\tautoplayHoverPause: Boolean(  ),\r\n\t\t\t\t});\r\n\t\t\t<\/script>\t\t\t\t\t\t\t\t\t\t\t\r\n\t\t<\/section>\r\n\t\t\r\n\t<\/p>\n\n\n\n<div class=\"wp-block-group\"><div class=\"wp-block-group__inner-container is-layout-constrained wp-block-group-is-layout-constrained\">\n<div class=\"wp-block-columns are-vertically-aligned-center is-layout-flex wp-container-core-columns-is-layout-a7cd35b3 wp-block-columns-is-layout-flex\" style=\"border-top-style:none;border-top-width:0px;border-right-style:none;border-right-width:0px;border-bottom-color:var(--wp--preset--color--accent-tone);border-bottom-width:1px;border-left-style:none;border-left-width:0px;padding-bottom:var(--wp--preset--spacing--60)\">\n<div class=\"wp-block-column is-vertically-aligned-center is-layout-flow wp-block-column-is-layout-flow\" style=\"flex-basis:66.66%\">\n<p>We are pleased to inform you that Zlatne Gorice has received the Recommendation badge by Restaurant Guru according to visitor ratings in 2022! This further motivates us to continue working on improving our service and the quality of the food we offer you. We would like to thank everyone who recommended us and hope that you will continue to enjoy our dishes and atmosphere.<\/p>\n<\/div>\n\n\n\n<div class=\"wp-block-column is-vertically-aligned-center is-layout-flow wp-block-column-is-layout-flow\" style=\"flex-basis:33.33%\">\n<link href=\"https:\/\/awards.infcdn.net\/r_rcm.css\" rel=\"stylesheet\"><div id=\"r-rcm\" data=\"29\" class=\" r-rcm_black \" onclick=\"if(event.target.nodeName.toLowerCase() != 'a') {window.open(this.querySelector('.rest-white_center').href);return 0;}\"> <a href=\"https:\/\/restaurantguru.com\/Zlatne-Gorice-Varazdin\" class=\"r-rcm_r-link\" target=\"_blank\" rel=\"noopener\">Zlatne Gorice<\/a> <div class=\"r-rcm_year\">2023<\/div> <div class=\"r-rcm_bottom \"> <span class=\"r-rcm_str1 \">Recommended<\/span> <\/div> <div class=\"r-rcm_heading\"> <svg xmlns=\"http:\/\/www.w3.org\/2000\/svg\" xmlns:xlink=\"http:\/\/www.w3.org\/1999\/xlink\" width=\"144px\" height=\"144px\" viewBox=\"0 0 144 144\"> <defs> <path id=\"r-rcm-arc\" d=\"M 12 72 a 60 60 0 0 0 120 0\"><\/path> <\/defs> <text class=\"r-rcm_heading__bottom \" fill=\"#fff\" text-anchor=\"middle\"> <textPath startOffset=\"50%\" xlink:href=\"#r-rcm-arc\"><a href=\"https:\/\/restaurantguru.com\/\" class=\"r-rcm_heading__link\">Restaurant Guru<\/a><\/textPath> <\/text> <\/svg> <\/div><\/div>\n<\/div>\n<\/div>\n<\/div><\/div>\n\n\n\n    <section class=\"testimonials-slider section-block \">\r\n                <div class=\"inner\">\r\n            <div class=\"section-title v1\">\r\n\t\t\t<p class=\"subtitle\">They said about us<\/p>\r\n\t\t<h3> From the Guest Book<\/h3>\t\t\r\n<\/div>                            <div class=\"testimonials-slider-carousel owl-carousel\">\r\n                                            <div class=\"swiper-slide\">\r\n\t\t\t<div class=\"content\">\t\r\n\t\t\t\t\r\n\t\t\t\t<i class=\"icon-quote-left\" aria-hidden=\"true\"><\/i>\r\n\t\t\t\t\t\t<blockquote ><p>Gospodine Jambri\u0161ko, svaka rije\u010d premala je da Vam se zahvalimo \u0161to ste nam uljep\u0161ali na\u0161 dan. Hrana, kao i sam ambijent oduzima rije\u010di. Tako\u0111er, mo\u017eete biti ponosni na svoje osoblje koje se toliko trudilo. Svakako vas preporu\u010damo dalje, te vam se srda\u010dno vra\u0107amo kao gosti! Jo\u0161 jednom VELIKO HVALA!<\/p>\n<\/blockquote>\r\n\t\t\t<h2 class=\"font-heading color-pr-tx\">Mladenci &#8211; M. i S. Vuradin<\/h2>\t\r\n\t\t<\/div>\r\n\t<\/div>                                            <div class=\"swiper-slide\">\r\n\t\t\t<div class=\"content\">\t\r\n\t\t\t\t\r\n\t\t\t\t<i class=\"icon-quote-left\" aria-hidden=\"true\"><\/i>\r\n\t\t\t\t\t\t<blockquote ><p>Predivan ambijent, predivno osoblje, iskusni i krativni doma\u0107in, jela tradicionalna i fina, uz dobru kapljicu, \u010dine ovaj restoran izvrstan za ugodno dru\u017eenje uz dobro dru\u0161tvo.<\/p>\n<\/blockquote>\r\n\t\t\t<h2 class=\"font-heading color-pr-tx\">L. Rusak<\/h2>\t\r\n\t\t<\/div>\r\n\t<\/div>                                            <div class=\"swiper-slide\">\r\n\t\t\t<div class=\"content\">\t\r\n\t\t\t\t\r\n\t\t\t\t<i class=\"icon-quote-left\" aria-hidden=\"true\"><\/i>\r\n\t\t\t\t\t\t<blockquote ><p>Divno je! Hvala! Od vas bi se mnogi puno toga mogli nau\u010diti o turizmu.<\/p>\n<\/blockquote>\r\n\t\t\t<h2 class=\"font-heading color-pr-tx\">Djelatnici slovenske novinske agencije<\/h2>\t\r\n\t\t<\/div>\r\n\t<\/div>                                            <div class=\"swiper-slide\">\r\n\t\t\t<div class=\"content\">\t\r\n\t\t\t\t\r\n\t\t\t\t<i class=\"icon-quote-left\" aria-hidden=\"true\"><\/i>\r\n\t\t\t\t\t\t<blockquote ><p>Zahvaljujemo na odli\u010dnoj usluzi i ljubaznom osoblju. Sve je bilo savr\u0161eno, a na\u0161e iznena\u0111enje je uspjelo!<\/p>\n<\/blockquote>\r\n\t\t\t<h2 class=\"font-heading color-pr-tx\">Obitelj D\u017eomba<\/h2>\t\r\n\t\t<\/div>\r\n\t<\/div>                                    <\/div>\r\n            \t\t\r\n        <\/div>\r\n        <script>\r\n            jQuery('.testimonials-slider-carousel').owlCarousel({\r\n                nav: true,\r\n                items: 1,\r\n                margin: 0,\r\n                autoHeight: true,\r\n                dots: false,\r\n                loop: true,\r\n                autoplay: Boolean(  ),\r\n                autoplayHoverPause: Boolean(  ),\t\t\t\t\t\r\n            });\r\n        <\/script>\r\n    <\/section>\r\n    \n","protected":false},"excerpt":{"rendered":"<p>We are pleased to inform you that Zlatne Gorice has received the Recommendation badge by Restaurant Guru according to visitor ratings in 2022! This further motivates us to continue working&#8230;<\/p>\n","protected":false},"author":1,"featured_media":0,"parent":0,"menu_order":-10,"comment_status":"closed","ping_status":"closed","template":"","meta":{"footnotes":""},"class_list":["post-1164","page","type-page","status-publish","hentry"],"_links":{"self":[{"href":"https:\/\/www.zlatne-gorice.eu\/en\/wp-json\/wp\/v2\/pages\/1164","targetHints":{"allow":["GET"]}}],"collection":[{"href":"https:\/\/www.zlatne-gorice.eu\/en\/wp-json\/wp\/v2\/pages"}],"about":[{"href":"https:\/\/www.zlatne-gorice.eu\/en\/wp-json\/wp\/v2\/types\/page"}],"author":[{"embeddable":true,"href":"https:\/\/www.zlatne-gorice.eu\/en\/wp-json\/wp\/v2\/users\/1"}],"replies":[{"embeddable":true,"href":"https:\/\/www.zlatne-gorice.eu\/en\/wp-json\/wp\/v2\/comments?post=1164"}],"version-history":[{"count":21,"href":"https:\/\/www.zlatne-gorice.eu\/en\/wp-json\/wp\/v2\/pages\/1164\/revisions"}],"predecessor-version":[{"id":1702,"href":"https:\/\/www.zlatne-gorice.eu\/en\/wp-json\/wp\/v2\/pages\/1164\/revisions\/1702"}],"wp:attachment":[{"href":"https:\/\/www.zlatne-gorice.eu\/en\/wp-json\/wp\/v2\/media?parent=1164"}],"curies":[{"name":"wp","href":"https:\/\/api.w.org\/{rel}","templated":true}]}}