{"id":1187,"date":"2016-07-21T20:32:01","date_gmt":"2016-07-21T20:32:01","guid":{"rendered":"https:\/\/www.zlatne-gorice.eu\/new\/contact-us\/"},"modified":"2019-01-10T07:29:42","modified_gmt":"2019-01-10T06:29:42","slug":"contact-us","status":"publish","type":"page","link":"https:\/\/www.zlatne-gorice.eu\/en\/contact-us\/","title":{"rendered":"Contact"},"content":{"rendered":"\t<section class=\"contact-details section-block\">\r\n\t\t<div class=\"section-title v1\">\r\n\t\t\t<p class=\"subtitle\">Call \/ Visit us<\/p>\r\n\t\t<h3> Contact details<\/h3>\t\t\r\n<\/div>\t\t<div class=\"boxes cols-4\">\r\n\t\t\t<div class=\"box phones\">\r\n\t\t\t\t<h3 class=\"font-title\">\r\n\t\t\t\t\tPhone\t\t\t\t<\/h3>\r\n\t\t\t\t\t\t\t\t\t<ul>\r\n\t\t\t\t\t\t\t\t\t\t\t\t\t<li><a href=\"tel:  042 666 054\"> 042 666 054<\/a><\/li>\r\n\t\t\t\t\t\t\t\t\t\t\t\t\t<li><a href=\"tel: \"><\/a><\/li>\r\n\t\t\t\t\t\t\t\t\t\t\t\t\t<li><a href=\"tel: \"><\/a><\/li>\r\n\t\t\t\t\t\t\t\t\t\t\t\t\t<li><a href=\"tel: \"><\/a><\/li>\r\n\t\t\t\t\t\t\t\t\t\t\t<\/ul>\r\n\t\t\t\t\t\r\n\t\t\t\t<span class=\"fa fa-phone\"><\/span>\r\n\t\t\t<\/div>\r\n\t\t\t<div class=\"box address\">\r\n\t\t\t\t<h3 class=\"font-title\">\r\n\t\t\t\t\tAddress\t\t\t\t<\/h3>\t\t\t\t\r\n\t\t\t\t<ul>\r\n\t\t\t\t\t<li>\r\n\t\t\t\t\t\t<a href=\"http:\/\/maps.google.com\/?q=Banj\u0161\u010dina 104, Vara\u017edin Breg, 42204 Tur\u010din\" target=\"_blank\">Banj\u0161\u010dina 104, Vara\u017edin Breg, 42204 Tur\u010din<\/a>\r\n\t\t\t\t\t\t<br>\r\n\t\t\t\t\t\t\t\t\t\t\t<\/li>\r\n\t\t\t\t<\/ul>\r\n\t\t\t\t<span class=\"fa fa-map-marker\"><\/span>\r\n\t\t\t<\/div>\r\n\t\t\t<div class=\"box hours\">\r\n\t\t\t\t<h3 class=\"font-title\">\r\n\t\t\t\t\tWorking Hours\t\t\t\t<\/h3>\r\n\t\t\t\t\t\t\t\t\t\t\t<ul>\r\n\t\t\t\t\t\t\t\t\t\t\t\t\t\t\t\t\t\t\t\t\t\t\t\t<li class=\"hours\">Pon - Zatvoreno<\/li>\r\n\t\t\t\t\t\t\t\t\t\t\t\t\t\t\t\t\t\t\t\t\t\t\t\t\t\t\t\t\t\t\t\t\t\t\t\t\t\t\t\t\t\t\t\t\t\t\t\t<li class=\"hours\">Uto-Pet: 12:00-22:00<\/li>\r\n\t\t\t\t\t\t\t\t\t\t\t\t\t\t\t\t\t\t\t\t\t\t\t\t\t\t\t\t\t\t\t\t\t\t\t\t\t\t\t\t\t\t\t\t\t\t\t\t<li class=\"hours\">Subota: 12:00-23:00<\/li>\r\n\t\t\t\t\t\t\t\t\t\t\t\t\t\t\t\t\t\t\t\t\t\t\t\t\t\t\t\t\t\t\t\t\t\t\t\t\t\t\t\t\t\t\t\t\t\t\t\t<li class=\"hours\">Nedjelja: 12:00-18:00<\/li>\r\n\t\t\t\t\t\t\t\t\t\t\t\t\t\t\t\t\t\t\t\t\t\t\t\t\t\t\t\t\t\t\t\t\t\t\t\t\t\t\t\t\t\t\t\t\t\t\t\t<li class=\"hours\"><\/li>\r\n\t\t\t\t\t\t\t\t\t\t\t\t\t\t\t\t\t\t\t\t\t\t\t\t\t\t\t\t\t\t\t\t\t\t\t\t\t\t\t\t\t\t\t\t\t\t\t\t<li class=\"hours\"><\/li>\r\n\t\t\t\t\t\t\t\t\t\t\t\t\t\t\t\t\t\t\t\t\t\t\t\t\t\t\t\t\t\t\t\t\t\t\t\t\t<\/ul>\r\n\t\t\t\t\t\t\t\t\t<span class=\"fa fa-clock-o\"><\/span>\r\n\t\t\t<\/div>\r\n\t\t\t\t\t\t\t<div class=\"box email\">\r\n\t\t\t\t\t<h3 class=\"font-title\">\r\n\t\t\t\t\t\tEmail\t\t\t\t\t<\/h3>\r\n\t\t\t\t\t<p>\r\n\t\t\t\t\t\t<a href=\"mailto:zlatne.gorice@gmail.com\">zlatne.gorice@gmail.com<\/a>\r\n\t\t\t\t\t<\/p>\r\n\t\t\t\t\t<span class=\"fa fa-envelope-o\"><\/span>\r\n\t\t\t\t<\/div>\r\n\t\t\t\t\t<\/div>\r\n\t<\/section>\r\n\t\n\t<section id=\"contact-form\" class=\"section-block \">\r\n\t\t\t\t<div class=\"wrap\">\r\n\t\t\t<div class=\"section-title v1\">\r\n\t\t\t<p class=\"subtitle\">Send us a message<\/p>\r\n\t\t<h3> Contact form<\/h3>\t\t\r\n<\/div>\t\t\t<form id=\"ajax-contact\" method=\"post\" action=\"https:\/\/www.zlatne-gorice.eu\/wp-admin\/admin-ajax.php\">\r\n\t\t\t\t<div id=\"form-messages\" class=\"submit-form-message\"><\/div>\r\n\t\t\t\t<div class=\"form-items cols-3\">\r\n\t\t\t\t\t<div class=\"form-item\">\r\n\t\t\t\t\t\t<label for=\"input-name\">Your Name *<\/label>\r\n\t\t\t\t\t\t<input type=\"text\" id=\"input-name\" name=\"name\" class=\"required\">\r\n\t\t\t\t\t<\/div>\r\n\t\t\t\t\t<div class=\"form-item\">\r\n\t\t\t\t\t\t<label for=\"input-email\">Your Email *<\/label>\r\n\t\t\t\t\t\t<input type=\"email\" id=\"input-email\" name=\"email\" class=\"required\">\r\n\t\t\t\t\t<\/div>\r\n\t\t\t\t\t<div class=\"form-item\">\r\n\t\t\t\t\t\t<label for=\"input-phone\">Your Phone<\/label>\r\n\t\t\t\t\t\t<input type=\"tel\" id=\"input-phone\" name=\"phone\" >\r\n\t\t\t\t\t<\/div>\t\r\n\t\t\t\t\t<div class=\"form-item full-width\">\r\n\t\t\t\t\t\t<label for=\"textarea-message\">Message *<\/label>\r\n\t\t\t\t\t\t<textarea id=\"textarea-message\" name=\"message\" class=\"required\"><\/textarea>\r\n\t\t\t\t\t<\/div>\r\n\t\t\t\t<\/div>\r\n\t\t\t\t<div class=\"align-center-margin\">\r\n\t\t\t\t\t\t\t\t\t\t<button type=\"submit\" class=\"btn-form btn btn-default btn-lg\">Send Message<\/button>\r\n\t\t\t\t<\/div>\r\n\t\t\t<\/form>\r\n\t\t<\/div>\r\n\t\t\t\t\t\r\n\t<\/section>\r\n\t<script>\r\n\t\tjQuery(document).ready(function($) {\r\n\t\t\r\n\t\t\tfunction validate(){\r\n\t\t\t\tvar form = jQuery('#ajax-contact');\t\t\t\t\r\n\t\t\t\tform.find('[name]').each(function(index, value){\r\n\t\t\t\t\tvar that = $(this),\r\n\t\t\t\t\t\t value = that.val(),\r\n\t\t\t\t\t\tname = that.attr('name');\t\t\r\n\t\t\t\t\t\r\n\t\t\t\t\tif(that.hasClass('required')) {\r\n\t\t\t\t\t\tif(value == '' || value.length < 3 && value.length > 50) {\r\n\t\t\t\t\t\t\tthat.addClass('error');\r\n\t\t\t\t\t\t} else {\r\n\t\t\t\t\t\t\tthat.removeClass('error');\r\n\t\t\t\t\t\t}\r\n\t\t\t\t\t\tif(name == 'phone') {\r\n\t\t\t\t\t\t\tif(!value.match(\/[1-4-+]\/g)) {\r\n\t\t\t\t\t\t\t\tthat.addClass('error');\r\n\t\t\t\t\t\t\t}\r\n\t\t\t\t\t\t}\r\n\t\t\t\t\t\tif(name == 'email') {\r\n\t\t\t\t\t\t\tif(!value.match(\/^([\\w-]+(?:\\.[\\w-]+)*)@((?:[\\w-]+\\.)*\\w[\\w-]{0,66})\\.([a-z]{2,6}(?:\\.[a-z]{2})?)$\/i)) {\r\n\t\t\t\t\t\t\t\tthat.addClass('error');\r\n\t\t\t\t\t\t\t}\r\n\t\t\t\t\t\t}\r\n\t\t\t\t\t}\r\n\t\t\t\t});\r\n\t\t\t\tif(form.find('.required').hasClass('error')) {\r\n\t\t\t\t\t\t\t\t\t\treturn false;\r\n\t\t\t\t}\r\n\t\t\t\t\t\t\t\treturn true;\r\n\t\t\t}\r\n\t\t\r\n\t\tjQuery('#ajax-contact').on('submit', function(e) {\r\n\t\t\r\n\t\t\te.preventDefault();\r\n\t\t\tvar formMessages = $('#form-messages');\r\n\t\t\tvar form = jQuery(this);\t\t\t\t\r\n\t\t\r\n\t\t\tif(validate()) {\r\n\t\t\t\tvar data = {\r\n\t\t\t\t\taction: 'contact_submit',\r\n\t\t\t\t\tform_data: form.serialize(),\r\n\t\t\t\t}; \t\t\r\n\t\t\r\n\t\t\t\tjQuery.post( form.attr('action'), data, function(response) {\r\n\t\t\r\n\t\t\t\t\tvar response  = (jQuery.parseJSON(response));\r\n\t\t\t\t\t\/\/ Make sure that the formMessages div has the 'success' class.\r\n\t\t\t\t\t$(formMessages).removeClass('error');\r\n\t\t\t\t\t$(formMessages).addClass(response.class);\r\n\t\t\t\t\r\n\t\t\t\t\t\/\/ Set the message text.\r\n\t\t\t\t\t$(formMessages).text(response.message);\r\n\t\t\t\t\t\r\n\t\t\t\t\tif(response.class == 'success') {\r\n\t\t\t\t\t\tform[0].reset();   \r\n\t\t\t\t\t\t\/\/grecaptcha.reset();\r\n\t\t\t\t\t}\r\n\t\t\r\n\t\t\t\t\r\n\t\t\t\t\t\/\/$('#reservation-submit').prop(\"disabled\", true);\r\n\t\t\t\t});\r\n\t\t\t}\r\n\t\t\t\t\t\t\t\t\t\t\t\t\t\t\t\t\t\t\t  \r\n\t\t});\t\r\n\t\t\/\/ this block can be defined anywhere\r\n\t\t});\t\r\n\t<\/script>\r\n\t\n","protected":false},"excerpt":{"rendered":"","protected":false},"author":1,"featured_media":1188,"parent":0,"menu_order":-6,"comment_status":"closed","ping_status":"closed","template":"","meta":{"footnotes":""},"class_list":["post-1187","page","type-page","status-publish","has-post-thumbnail","hentry"],"_links":{"self":[{"href":"https:\/\/www.zlatne-gorice.eu\/en\/wp-json\/wp\/v2\/pages\/1187","targetHints":{"allow":["GET"]}}],"collection":[{"href":"https:\/\/www.zlatne-gorice.eu\/en\/wp-json\/wp\/v2\/pages"}],"about":[{"href":"https:\/\/www.zlatne-gorice.eu\/en\/wp-json\/wp\/v2\/types\/page"}],"author":[{"embeddable":true,"href":"https:\/\/www.zlatne-gorice.eu\/en\/wp-json\/wp\/v2\/users\/1"}],"replies":[{"embeddable":true,"href":"https:\/\/www.zlatne-gorice.eu\/en\/wp-json\/wp\/v2\/comments?post=1187"}],"version-history":[{"count":3,"href":"https:\/\/www.zlatne-gorice.eu\/en\/wp-json\/wp\/v2\/pages\/1187\/revisions"}],"predecessor-version":[{"id":1191,"href":"https:\/\/www.zlatne-gorice.eu\/en\/wp-json\/wp\/v2\/pages\/1187\/revisions\/1191"}],"wp:featuredmedia":[{"embeddable":true,"href":"https:\/\/www.zlatne-gorice.eu\/en\/wp-json\/wp\/v2\/media\/1188"}],"wp:attachment":[{"href":"https:\/\/www.zlatne-gorice.eu\/en\/wp-json\/wp\/v2\/media?parent=1187"}],"curies":[{"name":"wp","href":"https:\/\/api.w.org\/{rel}","templated":true}]}}